{"id":916,"date":"2022-03-14T09:09:04","date_gmt":"2022-03-14T08:09:04","guid":{"rendered":"http:\/\/prclinic.eu\/privacy-policy\/"},"modified":"2025-11-28T16:59:13","modified_gmt":"2025-11-28T15:59:13","slug":"privacy-policy","status":"publish","type":"page","link":"https:\/\/prclinic.eu\/en\/privacy-policy\/","title":{"rendered":"Privacy Policy"},"content":{"rendered":"<h2>Privacy policy<\/h2>\n<p>spolo\u010dnosti PR&nbsp;Clinic Services s.r.o.<\/p>\n<p><strong>1. Prev\u00e1dzkovate\u013e<\/strong><\/p>\n<p>Prev\u00e1dzkovate\u013eom vo&nbsp;vz\u0165ahu k&nbsp;sprac\u00favaniu osobn\u00fdch \u00fadajov dotknut\u00fdch os\u00f4b je spolo\u010dnos\u0165 PR&nbsp;Clinic Services s.r.o., I\u010cO: 50241788, so&nbsp;s\u00eddlom N\u00e1mestie pri&nbsp;s\u00fdpke 940\/5, 851&nbsp;10 Bratislava, Slovensk\u00e1 republika, zap\u00edsan\u00e1 v\u00a0obchodnom registri Mestsk\u00e9ho s\u00fadu Bratislava III, Oddiel Sro, vlo\u017eka \u010d.&nbsp;110742\/B (\u010falej len \u201e<strong>Spolo\u010dnos\u0165<\/strong>\u201c).<\/p>\n<p>V\u00a0pr\u00edpade ak\u00fdchko\u013evek ot\u00e1zok, t\u00fdkaj\u00facich sa sprac\u00favania osobn\u00fdch \u00fadajov je mo\u017en\u00e9 kontaktova\u0165 Spolo\u010dnos\u0165 na&nbsp;emailovej adrese\u00a0<a href=\"mailto:office@prclinic.eu\">office@prclinic.eu<\/a>\u00a0\u00a0alebo na&nbsp;telef\u00f3nnom \u010d\u00edsle +421\u00a0905\u00a0763\u00a0153.<\/p>\n<p><strong>\u00a02. Z\u00e1sady ochrany osobn\u00fdch \u00fadajov<\/strong><\/p>\n<p>Spolo\u010dnos\u0165 sprac\u00fava osobn\u00e9 \u00fadaje dotknut\u00fdch os\u00f4b v\u00a0s\u00falade s\u00a0platn\u00fdmi pr\u00e1vnymi predpismi, a\u00a0to najm\u00e4 v\u00a0s\u00falade s&nbsp;Nariaden\u00edm Eur\u00f3pskeho parlamentu a&nbsp;Rady (E\u00da) 2016\/679 z&nbsp;27.&nbsp;apr\u00edla 2016 o&nbsp;ochrane fyzick\u00fdch os\u00f4b pri&nbsp;sprac\u00favan\u00ed osobn\u00fdch \u00fadajov a&nbsp;o&nbsp;vo\u013enom pohybe tak\u00fdchto \u00fadajov, ktor\u00fdm sa zru\u0161uje smernica 95\/46\/ES (v\u0161eobecn\u00e9 nariadenie o&nbsp;ochrane \u00fadajov) (\u010falej len \u201e<strong>GDPR<\/strong>\u201c) ako&nbsp;aj&nbsp;so&nbsp;slovensk\u00fdm z\u00e1konom \u010d.&nbsp;18\/2018 Z. z. o\u00a0ochrane osobn\u00fdch \u00fadajov.<\/p>\n<p>Tieto z\u00e1sady ochrany osobn\u00fdch \u00fadajov (\u010falej len \u201eZ\u00e1sady\u201c) s\u00fa adresovan\u00e9 fyzick\u00fdm osob\u00e1m, ktor\u00fdch \u00fadaje sprac\u00fava v\u00a0r\u00e1mci svojej \u010dinnosti Spolo\u010dnos\u0165, a&nbsp;to&nbsp;najm\u00e4 zmluvn\u00fdm partnerom Spolo\u010dnosti resp. zamestnancom zmluvn\u00fdch partnerov Spolo\u010dnosti, alebo&nbsp;osob\u00e1m, ktor\u00e9 kontaktovali spolo\u010dnos\u0165 po\u0161tou, emailom alebo&nbsp;telefonicky, \u010do&nbsp;viedlo, k\u00a0tomu, \u017ee&nbsp;m\u00e1 Spolo\u010dnos\u0165 pr\u00edstup k\u00a0ich osobn\u00fdm \u00fadajom. Z\u00e1sady sa nevz\u0165ahuj\u00fa na&nbsp;zamestnancov Spolo\u010dnosti, na&nbsp;ktor\u00fdch sa vz\u0165ahuj\u00fa osobitn\u00e9 z\u00e1sady ochrany osobn\u00fdch \u00fadajov zamestnancov.<\/p>\n<p><strong>\u00a03. Kateg\u00f3rie dotknut\u00fdch osobn\u00fdch \u00fadajov<\/strong><\/p>\n<p>Spolo\u010dnos\u0165 m\u00f4\u017ee v\u00a0r\u00e1mci svojej \u010dinnosti sprac\u00fava\u0165 nasledovn\u00e9 kateg\u00f3rie osobn\u00fdch \u00fadajov:<\/p>\n<ol>\n<li>identifika\u010dn\u00e9 \u00fadaje dotknut\u00fdch os\u00f4b (napr.&nbsp;titul, meno, priezvisko, \u00fadaje o\u00a0zamestn\u00e1vate\u013eovi, pracovn\u00e1 poz\u00edcia);<\/li>\n<li>kontaktn\u00e9 \u00fadaje (napr.&nbsp;adresa, s\u00eddlo, telef\u00f3nne \u010d\u00edslo, email).<\/li>\n<\/ol>\n<p><strong>\u00a04.&nbsp;\u00da\u010del sprac\u00favania<\/strong><\/p>\n<p>\u00da\u010delom sprac\u00favania osobn\u00fdch \u00fadajov dotknut\u00fdch os\u00f4b Spolo\u010dnos\u0165ou je najm\u00e4 plnenie z\u00e1konn\u00fdch a\u00a0zmluvn\u00fdch povinnost\u00ed ako&nbsp;aj&nbsp;efekt\u00edvny v\u00fdkon obchodnej \u010dinnosti Spolo\u010dnosti.<\/p>\n<p>Kontaktn\u00e9 \u00fadaje dotknut\u00fdch os\u00f4b m\u00f4\u017eu by\u0165 Spolo\u010dnos\u0165ou vyu\u017e\u00edvan\u00e9 aj&nbsp;na&nbsp;\u00fa\u010dely komunik\u00e1cie a\u00a0na \u00fa\u010dely zasielania marketingov\u00fdch a\u00a0propaga\u010dn\u00fdch inform\u00e1ci\u00ed t\u00fdkaj\u00facich sa podnikate\u013eskej \u010dinnosti a\u00a0produktov Spolo\u010dnosti.<\/p>\n<p><strong>\u00a05. Pr\u00e1vny z\u00e1klad sprac\u00favania<\/strong><\/p>\n<p>Sprac\u00favanie osobn\u00fdch \u00fadajov dotknut\u00fdch os\u00f4b je v\u00a0s\u00falade s\u00a0\u010dl\u00e1nkom 6 GDPR z\u00e1konn\u00e9 iba vtedy a\u00a0iba v\u00a0tom rozsahu, ak je dan\u00fd aspo\u0148 jeden z\u00a0pr\u00e1vnych z\u00e1kladov sprac\u00favania.<\/p>\n<p>Spolo\u010dnos\u0165 sprac\u00fava osobn\u00e9 \u00fadaje dotknut\u00fdch os\u00f4b na&nbsp;nasleduj\u00facich pr\u00e1vnych z\u00e1kladoch:<\/p>\n<ol>\n<li>s\u00fahlas dotknut\u00fdch os\u00f4b<\/li>\n<li>plnenie z\u00e1konn\u00fdch povinnost\u00ed Spolo\u010dnosti<\/li>\n<li>plnenie zmluvn\u00fdch povinnost\u00ed Spolo\u010dnosti<\/li>\n<li>opr\u00e1vnen\u00e9 z\u00e1ujmy Spolo\u010dnosti.<\/li>\n<\/ol>\n<p><strong>\u00a06. Opr\u00e1vnen\u00e9 z\u00e1ujmy prev\u00e1dzkovate\u013ea<\/strong><\/p>\n<p>Spolo\u010dnos\u0165 m\u00f4\u017ee sprac\u00fava\u0165 osobn\u00e9 \u00fadaje dotknut\u00fdch os\u00f4b aj&nbsp;na&nbsp;z\u00e1klade opr\u00e1vnen\u00fdch z\u00e1ujmov Spolo\u010dnosti v\u00a0zmysle \u010dl\u00e1nku 6 ods. 1 p\u00edsm. f) GDPR. Tak\u00fdmito opr\u00e1vnen\u00fdmi n\u00e1rokmi Spolo\u010dnosti m\u00f4\u017eu by\u0165 najm\u00e4 uplat\u0148ovanie n\u00e1rokov Spolo\u010dnosti alebo&nbsp;br\u00e1nenie sa vo\u010di uplatnen\u00fdm n\u00e1rokom vo\u010di Spolo\u010dnosti, preukazovanie s\u00faladu s\u00a0pr\u00edslu\u0161n\u00fdmi pr\u00e1vnymi predpismi ako&nbsp;aj&nbsp;zaistenie bezpe\u010dnosti Spolo\u010dnosti.<\/p>\n<p>Spolo\u010dnos\u0165 sprac\u00fava osobn\u00e9 \u00fadaje dotknut\u00fdch os\u00f4b na&nbsp;z\u00e1klade opr\u00e1vnen\u00fdch z\u00e1ujmov Spolo\u010dnosti iba v\u00a0pr\u00edpade, ak opr\u00e1vnen\u00e9 z\u00e1ujmy, ktor\u00e9 Spolo\u010dnos\u0165 sleduje, preva\u017euj\u00fa nad&nbsp;z\u00e1ujmami a\u00a0z\u00e1kladn\u00fdmi pr\u00e1vami a\u00a0slobodami dotknutej osoby, ktor\u00e9 si vy\u017eaduj\u00fa ochranu osobn\u00fdch \u00fadajov.<\/p>\n<p><strong>\u00a07. S\u00fahlas dotknutej osoby<\/strong><\/p>\n<p>V\u00a0pr\u00edpade, ak Spolo\u010dnos\u0165 sprac\u00fava osobn\u00e9 \u00fadaje na&nbsp;z\u00e1klade s\u00fahlasu dotknutej osoby pod\u013ea \u010dl\u00e1nku 6 ods. 1 p\u00edsm. a) GDPR, dotknut\u00e1 osoba m\u00e1 mo\u017enos\u0165 kedyko\u013evek svoj s\u00fahlas so&nbsp;sprac\u00favan\u00edm osobn\u00fdch \u00fadajov udelen\u00fd Spolo\u010dnosti odvola\u0165. Odvolanie s\u00fahlasu dotknutou osobou mus\u00ed by\u0165 tak\u00e9 jednoduch\u00e9 ako&nbsp;jeho poskytnutie. Odvolanie s\u00fahlasu nem\u00e1 vplyv na&nbsp;z\u00e1konnos\u0165 sprac\u00favania osobn\u00fdch \u00fadajov dotknutej osoby pred&nbsp;jeho odvolan\u00edm.<\/p>\n<p><strong>\u00a08. Povinnos\u0165 poskytn\u00fa\u0165 osobn\u00e9 \u00fadaje a\u00a0n\u00e1sledky neposkytnutia osobn\u00fdch \u00fadajov<\/strong><\/p>\n<p>Spolo\u010dnos\u0165 sprac\u00fava mnoh\u00e9 osobn\u00e9 \u00fadaje dotknut\u00fdch os\u00f4b na&nbsp;\u00fa\u010dely plnenia svojich z\u00e1konn\u00fdch a\u00a0zmluvn\u00fdch povinnost\u00ed ako&nbsp;aj&nbsp;na&nbsp;\u00fa\u010del opr\u00e1vnen\u00fdch z\u00e1ujmov, ktor\u00e9 sleduje.<\/p>\n<p>V\u00a0pr\u00edpade t\u00fdchto \u00fa\u010delov je sprac\u00favanie osobn\u00fdch \u00fadajov spolo\u010dnos\u0165ou nutn\u00e9. Ak osobn\u00e9 \u00fadaje dotknutou osobou nebud\u00fa poskytnut\u00e9, m\u00f4\u017ee to&nbsp;ma\u0165 za&nbsp;n\u00e1sledok nemo\u017enos\u0165 Spolo\u010dnosti plni\u0165 svoje z\u00e1konn\u00e9 alebo&nbsp;zmluvn\u00e9 povinnosti na&nbsp;z\u00e1klade \u010doho\u00a0Spolo\u010dnos\u0165 nebude m\u00f4c\u0165 vst\u00fapi\u0165 do&nbsp;zmluvn\u00e9ho vz\u0165ahu alebo&nbsp;komunikova\u0165 s\u00a0dotknutou osobou.<\/p>\n<p>Spolo\u010dnos\u0165 garantuje dotknut\u00fdm osob\u00e1m, \u017ee&nbsp;ka\u017ed\u00fd zo&nbsp;z\u00edskavan\u00fdch s\u00fahlasov ur\u010den\u00fdch na&nbsp;legaliz\u00e1ciu parci\u00e1lnej (\u010diastkovej) spracovate\u013eskej oper\u00e1cie alebo&nbsp;in\u00e9ho \u00fa\u010delu sprac\u00favania osobn\u00fdch \u00fadajov nes\u00favisiaceho s&nbsp;vyu\u017e\u00edvan\u00edm z\u00e1konn\u00fdch alebo&nbsp;zmluvn\u00fdch povinnost\u00ed resp. s\u00a0opr\u00e1vnen\u00fdmi z\u00e1ujmami Spolo\u010dnosti, bude m\u00f4c\u0165 by\u0165 vyjadren\u00fd dotknutou osobou slobodne a&nbsp;nez\u00e1visle od&nbsp;mo\u017enosti vyu\u017e\u00edva\u0165 ostatn\u00e9 slu\u017eby Spolo\u010dnosti. Mo\u017enos\u0165 vyu\u017e\u00edvania slu\u017eieb Spolo\u010dnosti v&nbsp;\u017eiadnom pr\u00edpade nie je podmienen\u00e1 z\u00edskavan\u00edm s\u00fahlasu dotknutej osoby na&nbsp;\u00fa\u010dely, ktor\u00e9 nes\u00favisia s&nbsp;vyu\u017e\u00edvan\u00edm slu\u017eieb poskytovan\u00fdch Spolo\u010dnos\u0165ou (napr.&nbsp;marketingov\u00e9 \u00fa\u010dely). Dotknut\u00e1 osoba m\u00e1 vo&nbsp;vz\u0165ahu k&nbsp;tak\u00fdmto parci\u00e1lnym spracovate\u013esk\u00fdm oper\u00e1ci\u00e1m alebo&nbsp;nes\u00favisiacim \u00fa\u010delom sprac\u00favania jej osobn\u00fdch \u00fadajov v\u017edy mo\u017enos\u0165 neudeli\u0165 Spolo\u010dnosti s\u00fahlas dotknutej osoby so&nbsp;sprac\u00favan\u00edm osobn\u00fdch \u00fadajov bez&nbsp;toho, aby&nbsp;to&nbsp;akoko\u013evek&nbsp;ovplyvnilo mo\u017enos\u0165 vyu\u017e\u00edva\u0165 slu\u017eby. V&nbsp;niektor\u00fdch pr\u00edpadoch v\u0161ak&nbsp;m\u00f4\u017ee udelenie s\u00fahlasu zo&nbsp;strany dotknut\u00fdch os\u00f4b priamo ovplyvni\u0165 mo\u017enos\u0165 poskytovania slu\u017eieb.<\/p>\n<p><strong>\u00a09. Doba uchov\u00e1vania osobn\u00fdch \u00fadajov<\/strong><\/p>\n<p>Spolo\u010dnos\u0165 uchov\u00e1va osobn\u00e9 \u00fadaje dotknut\u00fdch os\u00f4b po&nbsp;dobu, ktor\u00e1 je nevyhnutn\u00e1 na&nbsp;dosiahnutie \u00fa\u010delu sprac\u00favania, na&nbsp;dobu, ktor\u00e1 je povolen\u00e1 alebo&nbsp;vy\u017eadovan\u00e1 pr\u00e1vnymi predpismi alebo&nbsp;po&nbsp;dobu udelenia s\u00fahlasu dotknutou osobou.<\/p>\n<p>V\u00a0zmysle \u010dl\u00e1nku 5 ods. 1 p\u00edsm. e) GDPR sa osobn\u00e9 \u00fadaje m\u00f4\u017eu uchov\u00e1va\u0165 dlh\u0161ie vtedy, ak sa bud\u00fa sprac\u00fava\u0165 v\u00fdlu\u010dne na&nbsp;\u00fa\u010dely archiv\u00e1cie vo&nbsp;verejnom z\u00e1ujme, na&nbsp;\u00fa\u010dely vedeck\u00e9ho alebo&nbsp;historick\u00e9ho v\u00fdskumu \u010di&nbsp;na&nbsp;\u0161tatistick\u00e9 \u00fa\u010dely a&nbsp;za&nbsp;predpokladu prijatia primeran\u00fdch technick\u00fdch a&nbsp;organiza\u010dn\u00fdch opatren\u00ed vy\u017eadovan\u00fdch GDPR na&nbsp;ochranu pr\u00e1v a&nbsp;slob\u00f4d dotknut\u00fdch os\u00f4b (z\u00e1sada minimaliz\u00e1cie uchov\u00e1vania).<\/p>\n<p><strong>\u00a010. Pr\u00e1va dotknut\u00fdch os\u00f4b<\/strong><\/p>\n<p>V\u00a0s\u00favislosti so&nbsp;sprac\u00favan\u00edm osobn\u00fdch \u00fadajov prizn\u00e1va GDPR dotknut\u00fdm osob\u00e1m pr\u00e1vo po\u017eadova\u0165 od&nbsp;Spolo\u010dnosti pr\u00edstup k\u00a0osobn\u00fdm \u00fadajom, ktor\u00e9 sa jej t\u00fdkaj\u00fa, pr\u00e1vo na&nbsp;opravu osobn\u00fdch \u00fadajov, pr\u00e1vo na&nbsp;vymazanie osobn\u00fdch \u00fadajov, pr\u00e1vo na&nbsp;obmedzenie sprac\u00favania osobn\u00fdch \u00fadajov, pr\u00e1vo namieta\u0165 proti&nbsp;sprac\u00favaniu osobn\u00fdch \u00fadajov ako&nbsp;aj&nbsp;pr\u00e1vo na&nbsp;prenosnos\u0165 osobn\u00fdch \u00fadajov.<\/p>\n<p>Ka\u017ed\u00e1 \u017eiados\u0165 o&nbsp;v\u00fdkon pr\u00e1va dotknutej osoby pod\u013ea GDPR m\u00f4\u017ee by\u0165 uplatnen\u00e1 osobne, na&nbsp;z\u00e1klade p\u00edsomnej a&nbsp;vlastnoru\u010dne podp\u00edsanej \u017eiadosti zaslanej Spolo\u010dnosti na&nbsp;adresu s\u00eddla Spolo\u010dnosti, prostredn\u00edctvom emailovej adresy\u00a0<a href=\"mailto:office@prclinic.eu\">office@prclinic.eu<\/a>\u00a0\u00a0alebo na&nbsp;telef\u00f3nnom \u010d\u00edsle +421\u00a0905\u00a0763\u00a0153.<\/p>\n<p>Spolo\u010dnos\u0165 upozor\u0148uje dotknut\u00e9 osoby, \u017ee&nbsp;pri&nbsp;vybavovan\u00ed \u017eiadosti o&nbsp;v\u00fdkon pr\u00e1va dotknutej osoby pod\u013ea GDPR m\u00f4\u017ee po\u017eiada\u0165 \u017eiadaj\u00facu dotknut\u00fa osobu o&nbsp;d\u00f4veryhodn\u00e9 overenie jej toto\u017enosti, a&nbsp;to&nbsp;najm\u00e4 v&nbsp;pr\u00edpade, ak dotknut\u00e1 osoba bude \u017eiada\u0165 o&nbsp;v\u00fdkon svojho pr\u00e1va in\u00fdm sp\u00f4sobom ako&nbsp;p\u00edsomn\u00fdm listom s&nbsp;vlastnoru\u010dn\u00fdm podpisom, elektronickou po\u0161tou s&nbsp;d\u00f4veryhodn\u00fdm elektronick\u00fdm podpisom alebo&nbsp;osobne v&nbsp;s\u00eddle Spolo\u010dnosti (t.j. napr.&nbsp;v&nbsp;pr\u00edpadoch be\u017en\u00fdch emailov\u00fdch \u017eiadost\u00ed alebo&nbsp;telefon\u00e1tov).<\/p>\n<p>Proces vybavenia \u017eiadosti spojenej s&nbsp;v\u00fdkonom pr\u00e1va dotknutej osoby pod\u013ea GDPR je bezplatn\u00fd.<\/p>\n<p><strong>\u00a011. Pr\u00e1vo poda\u0165 s\u0165a\u017enos\u0165 dozorn\u00e9mu org\u00e1nu<\/strong><\/p>\n<p>Bez toho, aby&nbsp;bolo dotknut\u00e9 pr\u00e1vo dotknutej osoby obr\u00e1ti\u0165 sa\u00a0 na&nbsp;ak\u00e9ko\u013evek in\u00e9 spr\u00e1vne alebo&nbsp;s\u00fadne prostriedky n\u00e1pravy, m\u00e1 ka\u017ed\u00e1 dotknut\u00e1 osoba pr\u00e1vo poda\u0165 s\u0165a\u017enos\u0165 dozorn\u00e9mu org\u00e1nu, najm\u00e4 v&nbsp;\u010dlenskom \u0161t\u00e1te svojho obvykl\u00e9ho pobytu, mieste v\u00fdkonu pr\u00e1ce alebo&nbsp;v&nbsp;mieste \u00fadajn\u00e9ho poru\u0161enia, ak sa domnieva, \u017ee&nbsp;sprac\u00favanie osobn\u00fdch \u00fadajov, ktor\u00e9 sa jej t\u00fdka, je v&nbsp;rozpore s&nbsp;GDPR.<\/p>\n<p>Dozorn\u00fdm org\u00e1nom je:<\/p>\n<p><strong>\u00darad na&nbsp;ochranu osobn\u00fdch \u00fadajov Slovenskej republiky<\/strong><\/p>\n<p>S\u00eddlo:\u00a0\u00a0\u00a0\u00a0\u00a0\u00a0\u00a0\u00a0\u00a0\u00a0\u00a0\u00a0\u00a0\u00a0\u00a0\u00a0\u00a0\u00a0\u00a0\u00a0\u00a0\u00a0\u00a0\u00a0\u00a0\u00a0\u00a0\u00a0 Hrani\u010dn\u00e1 12, 820&nbsp;07 Bratislava, Slovensk\u00e1 republika<\/p>\n<p>Telef\u00f3nne \u010d\u00edslo: \u00a0\u00a0\u00a0\u00a0\u00a0\u00a0\u00a0\u00a0 +421&nbsp;2&nbsp;32&nbsp;31&nbsp;32&nbsp;14<\/p>\n<p>Email:\u00a0\u00a0\u00a0\u00a0\u00a0\u00a0\u00a0\u00a0\u00a0\u00a0\u00a0\u00a0\u00a0\u00a0\u00a0\u00a0\u00a0\u00a0\u00a0\u00a0\u00a0\u00a0\u00a0\u00a0\u00a0\u00a0\u00a0<a href=\"mailto:statny.dozor@pdp.gov.sk\">statny.dozor@pdp.gov.sk<\/a><\/p>\n<p>Webov\u00e9 s\u00eddlo:\u00a0\u00a0\u00a0\u00a0\u00a0\u00a0\u00a0\u00a0\u00a0\u00a0\u00a0\u00a0\u00a0<a href=\"https:\/\/dataprotection.gov.sk\/\">https:\/\/dataprotection.gov.sk\/<\/a><\/p>\n<p><strong>\u00a012. Automatizovan\u00e9 individu\u00e1lne rozhodovanie vr\u00e1tane\u00a0profilovania<\/strong><\/p>\n<p>Spolo\u010dnos\u0165 v\u00a0s\u00favislosti so&nbsp;sprac\u00favan\u00edm osobn\u00fdch \u00fadajov dotknut\u00fdch os\u00f4b nevyu\u017e\u00edva rozhodovanie, ktor\u00e9 je zalo\u017een\u00e9 v\u00fdlu\u010dne na&nbsp;automatizovanom sprac\u00favan\u00ed, vr\u00e1tane profilovania, a&nbsp;ktor\u00e9 m\u00e1 pr\u00e1vne \u00fa\u010dinky, ktor\u00e9 sa t\u00fdkaj\u00fa dotknutej osoby alebo&nbsp;ju podobne v\u00fdznamne ovplyv\u0148uj\u00fa.<\/p>\n<p><strong>\u00a013. Pr\u00edjemcovia osobn\u00fdch \u00fadajov<\/strong><\/p>\n<p>Osobn\u00e9 \u00fadaje dotknut\u00fdch os\u00f4b spolo\u010dnos\u0165 sprac\u00fava prostredn\u00edctvom svojich odborne vy\u0161kolen\u00fdch zamestnancov alebo&nbsp;prostredn\u00edctvom extern\u00fdch poskytovate\u013eov slu\u017eieb.<\/p>\n<p>Osobn\u00e9 \u00fadaje dotknut\u00fdch os\u00f4b m\u00f4\u017eu by\u0165 okrem Spolo\u010dnosti sprac\u00favan\u00e9 aj&nbsp;pr\u00edjemcami, resp. kateg\u00f3riami pr\u00edjemcov, medzi ktor\u00fdch mo\u017eno zahrn\u00fa\u0165 najm\u00e4 spolo\u010dnosti zabezpe\u010duj\u00face mzdov\u00e9 a\u00a0finan\u010dn\u00e9 \u00fa\u010dtovn\u00edctvo, spolo\u010dnosti zabezpe\u010duj\u00face agendu ochrany du\u0161evn\u00e9ho vlastn\u00edctva a\u00a0vykon\u00e1vanie pr\u00e1vnych previerok (Due Diligence) Spolo\u010dnosti, investorov a\u00a0poradcov Spolo\u010dnosti, poskytovate\u013eov IT slu\u017eieb alebo&nbsp;spolo\u010dnosti zabezpe\u010duj\u00face bezpe\u010dnos\u0165 v\u00a0r\u00e1mci priestorov Spolo\u010dnosti.<\/p>\n<p>V\u00a0pr\u00edpade, ak s\u00fa osobn\u00e9 \u00fadaje dotknut\u00fdch os\u00f4b sprac\u00favan\u00e9 zmluvn\u00fdm partnerom Spolo\u010dnosti, v\u00a0 mene a\u00a0\u00fa\u010det Spolo\u010dnosti, Spolo\u010dnos\u0165 s\u00a0tak\u00fdmto zmluvn\u00fdm partnerom uzatvorila zmluvu o\u00a0spracovan\u00ed osobn\u00fdch \u00fadajov v\u00a0s\u00falade s\u00a0platn\u00fdmi pr\u00e1vnymi predpismi na&nbsp;\u00faseku ochrany osobn\u00fdch \u00fadajov, pri\u010dom&nbsp;tak\u00fdto zmluvn\u00fd partner je opr\u00e1vnen\u00fd sprac\u00fava\u0165 osobn\u00e9 \u00fadaje v\u00fdlu\u010dne na&nbsp;z\u00e1klade zdokumentovan\u00fdch pokynov Spolo\u010dnosti a&nbsp;on ako&nbsp;aj&nbsp;jeho zamestnanci s\u00fa zaviazan\u00ed povinnos\u0165ou ml\u010danlivosti vo&nbsp;vz\u0165ahu k\u00a0sprac\u00favan\u00fdm osobn\u00fdm \u00fadajom dotknut\u00fdch os\u00f4b.<\/p>\n<p><strong>\u00a014. Prenos osobn\u00fdch \u00fadajov do&nbsp;tret\u00edch kraj\u00edn<\/strong><\/p>\n<p>Osobn\u00e9 \u00fadaje dotknut\u00fdch os\u00f4b s\u00fa prim\u00e1rne sprac\u00favan\u00e9 v\u00a0r\u00e1mci Eur\u00f3pskej \u00danie, Eur\u00f3pskeho hospod\u00e1rskeho priestoru a\u00a0\u0160vaj\u010diarska, ktor\u00e9 zabezpe\u010duj\u00fa primeran\u00fa mieru ochrany osobn\u00fdch \u00fadajov dotknut\u00fdch os\u00f4b. Osobn\u00e9 \u00fadaje dotknut\u00fdch os\u00f4b Spolo\u010dnos\u0165 nezverej\u0148uje a&nbsp;ani&nbsp;ich nepren\u00e1\u0161a do&nbsp;\u017eiadnej tretej krajiny, ktor\u00e1 by nezabezpe\u010dovala primeran\u00fa \u00farove\u0148 ochrany osobn\u00fdch \u00fadajov.<\/p>\n<p><strong>\u00a015. Z\u00e1vere\u010dn\u00e9 ustanovenia<\/strong><\/p>\n<p>Dotknut\u00e9 osoby vedom\u00fdm a&nbsp;slobodn\u00fdm konan\u00edm prejaven\u00fdm v\u00a0uzavret\u00ed zmluvn\u00e9ho vz\u0165ahu, za\u010dat\u00ed komunik\u00e1cie so&nbsp;Spolo\u010dnos\u0165ou alebo&nbsp;v\u00a0poskytnut\u00ed s\u00fahlasu so&nbsp;sprac\u00favan\u00edm osobn\u00fdch \u00fadajov potvrdzuj\u00fa, \u017ee&nbsp;sa obozn\u00e1mili s&nbsp;obsahom t\u00fdchto Z\u00e1sad, ktor\u00fdm porozumeli a&nbsp;s&nbsp;ktor\u00fdch obsahom s\u00fahlasia.<\/p>\n<p>V pr\u00edpade, ak dotknut\u00e9 osoby nes\u00fahlasia alebo&nbsp;nedostato\u010dne rozumej\u00fa obsahu \u010di&nbsp;v\u00fdznamu ktorejko\u013evek \u010dasti t\u00fdchto Z\u00e1sad, ktor\u00e9 upravuj\u00fa sprac\u00favanie osobn\u00fdch \u00fadajov, alebo&nbsp;ak dotknut\u00e9 osoby zistia ak\u00fdko\u013evek nes\u00falad t\u00fdchto Z\u00e1sad, Spolo\u010dnos\u0165 uv\u00edta vecn\u00e9 v\u00fdhrady a&nbsp;pripomienky dotknut\u00fdch os\u00f4b, o&nbsp;ktor\u00fdch sa zav\u00e4zuje s&nbsp;dotknut\u00fdmi osobami komunikova\u0165 s&nbsp;cie\u013eom chr\u00e1ni\u0165 a&nbsp;podporova\u0165 ich pr\u00e1va a&nbsp;br\u00e1ni\u0165 vzniku a&nbsp;prehlbovaniu ak\u00fdchko\u013evek riz\u00edk pre&nbsp;pr\u00e1va a&nbsp;slobody dotknut\u00fdch os\u00f4b.<\/p>\n<p>Spolo\u010dnos\u0165 z\u00e1rove\u0148 \u017eiada dotknut\u00e9 osoby, aby&nbsp;ak\u00fako\u013evek zmenu svojich osobn\u00fdch \u00fadajov bez&nbsp;zbyto\u010dn\u00e9ho odkladu ozn\u00e1mili Spolo\u010dnosti, aby&nbsp;bola zabezpe\u010den\u00e1 spr\u00e1vnos\u0165 a\u00a0bezpe\u010dnos\u0165 osobn\u00fdch \u00fadajov.<\/p>\n<p>Spolo\u010dnos\u0165 bude Z\u00e1sady pravidelne revidova\u0165 a\u00a0aktualizova\u0165 v\u00a0s\u00falade s\u00a0pr\u00edslu\u0161n\u00fdmi pr\u00e1vnymi predpismi na&nbsp;\u00faseku ochrany osobn\u00fdch \u00fadajov. O\u00a0zmene t\u00fdchto Z\u00e1sad Spolo\u010dnos\u0165 informuje dotknut\u00e9 osoby obvykl\u00fdm sp\u00f4sobom komunik\u00e1cie.<\/p>\n","protected":false},"excerpt":{"rendered":"<p>Privacy policy spolo\u010dnosti PR&nbsp;Clinic Services s.r.o. 1. Prev\u00e1dzkovate\u013e Prev\u00e1dzkovate\u013eom vo&nbsp;vz\u0165ahu k&nbsp;sprac\u00favaniu osobn\u00fdch \u00fadajov dotknut\u00fdch os\u00f4b je spolo\u010dnos\u0165 PR&nbsp;Clinic Services s.r.o., I\u010cO: 50241788, so&nbsp;s\u00eddlom N\u00e1mestie pri&nbsp;s\u00fdpke 940\/5, 851&nbsp;10 Bratislava, Slovensk\u00e1 republika, zap\u00edsan\u00e1 v\u00a0obchodnom registri Mestsk\u00e9ho s\u00fadu Bratislava III, Oddiel Sro, vlo\u017eka \u010d.&nbsp;110742\/B (\u010falej len \u201eSpolo\u010dnos\u0165\u201c). V\u00a0pr\u00edpade ak\u00fdchko\u013evek ot\u00e1zok, t\u00fdkaj\u00facich sa sprac\u00favania osobn\u00fdch \u00fadajov je mo\u017en\u00e9 kontaktova\u0165 [&hellip;]<\/p>\n","protected":false},"author":1,"featured_media":0,"parent":0,"menu_order":0,"comment_status":"closed","ping_status":"closed","template":"","meta":{"footnotes":""},"class_list":["post-916","page","type-page","status-publish","hentry"],"acf":[],"yoast_head":"<!-- This site is optimized with the Yoast SEO plugin v18.6 - https:\/\/yoast.com\/wordpress\/plugins\/seo\/ -->\n<title>Privacy Policy | PR Clinic<\/title>\n<meta name=\"robots\" content=\"index, follow, max-snippet:-1, max-image-preview:large, max-video-preview:-1\" \/>\n<link rel=\"canonical\" href=\"https:\/\/prclinic.eu\/en\/privacy-policy\/\" \/>\n<meta property=\"og:locale\" content=\"en_US\" \/>\n<meta property=\"og:type\" content=\"article\" \/>\n<meta property=\"og:title\" content=\"Privacy Policy | PR Clinic\" \/>\n<meta property=\"og:description\" content=\"Privacy policy spolo\u010dnosti PR&nbsp;Clinic Services s.r.o. 1. Prev\u00e1dzkovate\u013e Prev\u00e1dzkovate\u013eom vo&nbsp;vz\u0165ahu k&nbsp;sprac\u00favaniu osobn\u00fdch \u00fadajov dotknut\u00fdch os\u00f4b je spolo\u010dnos\u0165 PR&nbsp;Clinic Services s.r.o., I\u010cO: 50241788, so&nbsp;s\u00eddlom N\u00e1mestie pri&nbsp;s\u00fdpke 940\/5, 851&nbsp;10 Bratislava, Slovensk\u00e1 republika, zap\u00edsan\u00e1 v\u00a0obchodnom registri Mestsk\u00e9ho s\u00fadu Bratislava III, Oddiel Sro, vlo\u017eka \u010d.&nbsp;110742\/B (\u010falej len \u201eSpolo\u010dnos\u0165\u201c). V\u00a0pr\u00edpade ak\u00fdchko\u013evek ot\u00e1zok, t\u00fdkaj\u00facich sa sprac\u00favania osobn\u00fdch \u00fadajov je mo\u017en\u00e9 kontaktova\u0165 [&hellip;]\" \/>\n<meta property=\"og:url\" content=\"https:\/\/prclinic.eu\/en\/privacy-policy\/\" \/>\n<meta property=\"og:site_name\" content=\"PR Clinic\" \/>\n<meta property=\"article:modified_time\" content=\"2025-11-28T15:59:13+00:00\" \/>\n<meta name=\"twitter:card\" content=\"summary_large_image\" \/>\n<meta name=\"twitter:label1\" content=\"Est. reading time\" \/>\n\t<meta name=\"twitter:data1\" content=\"11 minutes\" \/>\n<script type=\"application\/ld+json\" class=\"yoast-schema-graph\">{\"@context\":\"https:\/\/schema.org\",\"@graph\":[{\"@type\":\"WebSite\",\"@id\":\"https:\/\/prclinic.eu\/#website\",\"url\":\"https:\/\/prclinic.eu\/\",\"name\":\"PR Clinic\",\"description\":\"PR agent\u00fara Bratislava | PR Clinic\",\"potentialAction\":[{\"@type\":\"SearchAction\",\"target\":{\"@type\":\"EntryPoint\",\"urlTemplate\":\"https:\/\/prclinic.eu\/?s={search_term_string}\"},\"query-input\":\"required name=search_term_string\"}],\"inLanguage\":\"en-US\"},{\"@type\":\"WebPage\",\"@id\":\"https:\/\/prclinic.eu\/en\/privacy-policy\/#webpage\",\"url\":\"https:\/\/prclinic.eu\/en\/privacy-policy\/\",\"name\":\"Privacy Policy | PR Clinic\",\"isPartOf\":{\"@id\":\"https:\/\/prclinic.eu\/#website\"},\"datePublished\":\"2022-03-14T08:09:04+00:00\",\"dateModified\":\"2025-11-28T15:59:13+00:00\",\"breadcrumb\":{\"@id\":\"https:\/\/prclinic.eu\/en\/privacy-policy\/#breadcrumb\"},\"inLanguage\":\"en-US\",\"potentialAction\":[{\"@type\":\"ReadAction\",\"target\":[\"https:\/\/prclinic.eu\/en\/privacy-policy\/\"]}]},{\"@type\":\"BreadcrumbList\",\"@id\":\"https:\/\/prclinic.eu\/en\/privacy-policy\/#breadcrumb\",\"itemListElement\":[{\"@type\":\"ListItem\",\"position\":1,\"name\":\"Home\",\"item\":\"https:\/\/prclinic.eu\/en\/\"},{\"@type\":\"ListItem\",\"position\":2,\"name\":\"Privacy Policy\"}]}]}<\/script>\n<!-- \/ Yoast SEO plugin. -->","yoast_head_json":{"title":"Privacy Policy | PR Clinic","robots":{"index":"index","follow":"follow","max-snippet":"max-snippet:-1","max-image-preview":"max-image-preview:large","max-video-preview":"max-video-preview:-1"},"canonical":"https:\/\/prclinic.eu\/en\/privacy-policy\/","og_locale":"en_US","og_type":"article","og_title":"Privacy Policy | PR Clinic","og_description":"Privacy policy spolo\u010dnosti PR&nbsp;Clinic Services s.r.o. 1. Prev\u00e1dzkovate\u013e Prev\u00e1dzkovate\u013eom vo&nbsp;vz\u0165ahu k&nbsp;sprac\u00favaniu osobn\u00fdch \u00fadajov dotknut\u00fdch os\u00f4b je spolo\u010dnos\u0165 PR&nbsp;Clinic Services s.r.o., I\u010cO: 50241788, so&nbsp;s\u00eddlom N\u00e1mestie pri&nbsp;s\u00fdpke 940\/5, 851&nbsp;10 Bratislava, Slovensk\u00e1 republika, zap\u00edsan\u00e1 v\u00a0obchodnom registri Mestsk\u00e9ho s\u00fadu Bratislava III, Oddiel Sro, vlo\u017eka \u010d.&nbsp;110742\/B (\u010falej len \u201eSpolo\u010dnos\u0165\u201c). V\u00a0pr\u00edpade ak\u00fdchko\u013evek ot\u00e1zok, t\u00fdkaj\u00facich sa sprac\u00favania osobn\u00fdch \u00fadajov je mo\u017en\u00e9 kontaktova\u0165 [&hellip;]","og_url":"https:\/\/prclinic.eu\/en\/privacy-policy\/","og_site_name":"PR Clinic","article_modified_time":"2025-11-28T15:59:13+00:00","twitter_card":"summary_large_image","twitter_misc":{"Est. reading time":"11 minutes"},"schema":{"@context":"https:\/\/schema.org","@graph":[{"@type":"WebSite","@id":"https:\/\/prclinic.eu\/#website","url":"https:\/\/prclinic.eu\/","name":"PR Clinic","description":"PR agent\u00fara Bratislava | PR Clinic","potentialAction":[{"@type":"SearchAction","target":{"@type":"EntryPoint","urlTemplate":"https:\/\/prclinic.eu\/?s={search_term_string}"},"query-input":"required name=search_term_string"}],"inLanguage":"en-US"},{"@type":"WebPage","@id":"https:\/\/prclinic.eu\/en\/privacy-policy\/#webpage","url":"https:\/\/prclinic.eu\/en\/privacy-policy\/","name":"Privacy Policy | PR Clinic","isPartOf":{"@id":"https:\/\/prclinic.eu\/#website"},"datePublished":"2022-03-14T08:09:04+00:00","dateModified":"2025-11-28T15:59:13+00:00","breadcrumb":{"@id":"https:\/\/prclinic.eu\/en\/privacy-policy\/#breadcrumb"},"inLanguage":"en-US","potentialAction":[{"@type":"ReadAction","target":["https:\/\/prclinic.eu\/en\/privacy-policy\/"]}]},{"@type":"BreadcrumbList","@id":"https:\/\/prclinic.eu\/en\/privacy-policy\/#breadcrumb","itemListElement":[{"@type":"ListItem","position":1,"name":"Home","item":"https:\/\/prclinic.eu\/en\/"},{"@type":"ListItem","position":2,"name":"Privacy Policy"}]}]}},"_links":{"self":[{"href":"https:\/\/prclinic.eu\/en\/wp-json\/wp\/v2\/pages\/916","targetHints":{"allow":["GET"]}}],"collection":[{"href":"https:\/\/prclinic.eu\/en\/wp-json\/wp\/v2\/pages"}],"about":[{"href":"https:\/\/prclinic.eu\/en\/wp-json\/wp\/v2\/types\/page"}],"author":[{"embeddable":true,"href":"https:\/\/prclinic.eu\/en\/wp-json\/wp\/v2\/users\/1"}],"replies":[{"embeddable":true,"href":"https:\/\/prclinic.eu\/en\/wp-json\/wp\/v2\/comments?post=916"}],"version-history":[{"count":2,"href":"https:\/\/prclinic.eu\/en\/wp-json\/wp\/v2\/pages\/916\/revisions"}],"predecessor-version":[{"id":1396,"href":"https:\/\/prclinic.eu\/en\/wp-json\/wp\/v2\/pages\/916\/revisions\/1396"}],"wp:attachment":[{"href":"https:\/\/prclinic.eu\/en\/wp-json\/wp\/v2\/media?parent=916"}],"curies":[{"name":"wp","href":"https:\/\/api.w.org\/{rel}","templated":true}]}}